{"id":758,"date":"2017-03-13T17:44:34","date_gmt":"2017-03-13T16:44:34","guid":{"rendered":"https:\/\/g1aviation.com\/mentions-legales\/"},"modified":"2019-04-26T10:56:23","modified_gmt":"2019-04-26T08:56:23","slug":"mentions-legales","status":"publish","type":"page","link":"https:\/\/g1aviation.com\/en\/mentions-legales\/","title":{"rendered":"Mentions l\u00e9gales"},"content":{"rendered":"<h2>Informations administratives<\/h2>\n<p>G1 Aviation SAS<\/p>\n<p><strong>Si\u00e8ge social :<\/strong><\/p>\n<p>360, rue Pierre Georges Lat\u00e9co\u00e8re<\/p>\n<p>A\u00e9rodrome de Gap-Tallard<\/p>\n<p>05130 Tallard<\/p>\n<p>04 88 03 80 39 \u2013\u00a0<a href=\"mailto:contact@g1aviation.com\">contact@g1aviation.com<\/a><\/p>\n<p><strong>SIREN :<\/strong><\/p>\n<p>883 519 580<\/p>\n<p><strong>CODE NAF :<\/strong><\/p>\n<p>R\u00e9paration et maintenance d&#8217;a\u00e9ronefs et d&#8217;engins spatiaux (3316Z)<\/p>\n<p>&nbsp;<\/p>\n<h2>Cr\u00e9dits<\/h2>\n<p><strong>R\u00e9alisation :<\/strong><\/p>\n<p>Badak \u2013 Ateliers MAME, 49, boulevard Preuilly \u2013 37000 Tours<\/p>\n<p><a href=\"https:\/\/www.badak.fr\" target=\"_blank\" rel=\"noopener noreferrer\">www.badak.fr<\/a>\u00a0&#8211;\u00a0\u00a0<a href=\"mailto:contact@badak.fr\">contact@badak.fr<\/a><\/p>\n<p><strong>H\u00e9bergement\u00a0:<\/strong><\/p>\n<p>Badak\u00a0\u2013 Ateliers MAME, 49, boulevard Preuilly \u2013 37000 Tours<\/p>\n<p><a href=\"https:\/\/www.badak.fr\" target=\"_blank\" rel=\"noopener noreferrer\">www.badak.fr<\/a>\u00a0&#8211;\u00a0\u00a0<a href=\"mailto:contact@badak.fr\">contact@badak.fr<\/a><\/p>\n<p><strong>Photographies :<\/strong><\/p>\n<p>G1 Aviation SAS &#8211; 360, rue Pierre\u00a0Georges Lat\u00e9co\u00e8re\u00a0A\u00e9rodrome de Gap-Tallard &#8211; 05130 Tallard &#8211; France<\/p>\n<p>&nbsp;<\/p>\n<h2>Propri\u00e9t\u00e9 intellectuelle<\/h2>\n<p>La structure g\u00e9n\u00e9rale, ainsi que les textes, photos, images et sons composant ce site sont la propri\u00e9t\u00e9 de la soci\u00e9t\u00e9 <a href=\"https:\/\/g1aviation.com\">G1 Aviation<\/a>.\u00a0Toute reproduction, totale ou partielle, et toute repr\u00e9sentation du contenu substantiel de ce site, d\u2019un ou de plusieurs de ses composants, par quelque proc\u00e9d\u00e9 que ce soit, sans autorisation expresse de l\u2019\u00e9diteur du site, est interdite, et constitue une contrefa\u00e7on sanctionn\u00e9e par les articles L.335-2 et suivants du Code de la propri\u00e9t\u00e9 intellectuelle.<\/p>\n<p>Les informations, pictogrammes, photographies, images, textes, s\u00e9quences vid\u00e9o, anim\u00e9es sonores ou non, et autres documents pr\u00e9sents sur le site Internet sont prot\u00e9g\u00e9s par des droits de propri\u00e9t\u00e9 industrielle et\/ou intellectuelle, soit que l\u2019\u00e9diteur en soit le titulaire, soit qu\u2019elle soit autoris\u00e9e \u00e0 les reproduire et les repr\u00e9senter.<\/p>\n<p>A ce titre, toute reproduction, repr\u00e9sentation, adaptation, traduction et\/ou modification, partielle ou int\u00e9grale ou transfert sur un autre site sont interdits.<\/p>\n<p>La copie sur support papier \u00e0 usage priv\u00e9 de ces diff\u00e9rents objets de droits est autoris\u00e9e conform\u00e9ment \u00e0 l\u2019article L122-5 du Code de la Propri\u00e9t\u00e9 Intellectuelle. Leur reproduction partielle ou int\u00e9grale, sans l\u2019accord pr\u00e9alable et \u00e9crit de l\u2019auteur, est strictement interdite.<\/p>\n<p>&nbsp;<\/p>\n<h2>Responsable de la publication<\/h2>\n<p><strong>M.\u00a0Serge Pr\u00e9sent<\/strong><\/p>\n<p>G1 Aviation SAS &#8211;\u00a0360, rue Pierre Georges Lat\u00e9co\u00e8re A\u00e9rodrome de Gap-Tallard &#8211; 05130 Tallard &#8211; France<\/p>\n<p>04 88 03 80 39 \u2013\u00a0<a href=\"mailto:contact@g1aviation.com\">contact@g1aviation.com<\/a><\/p>\n<p>&nbsp;<\/p>\n<h2>Donn\u00e9es personnelles<\/h2>\n<p>Aucune donn\u00e9e n\u2019est collect\u00e9e \u00e0 votre insu sur le site web de\u00a0<a href=\"https:\/\/g1aviation.com\">G1 Aviation<\/a>. Les informations collect\u00e9es dans le formulaire sont utilis\u00e9es uniquement pour vous recontacter dans le cadre d\u2019un devis en vue d\u2019une intervention. Vos donn\u00e9es ne sont pas c\u00e9d\u00e9es \u00e0 des tiers.<\/p>\n<p>&nbsp;<\/p>\n<p>Conform\u00e9ment \u00e0 la l\u00e9gislation fran\u00e7aise en vigueur et plus particuli\u00e8rement \u00e0 la loi du 6 janvier 1978 Informatique et Libert\u00e9, vous disposez d\u2019un droit d\u2019opposition, d\u2019acc\u00e8s, de rectification et de retrait sur ces donn\u00e9es que vous pouvez exercer en \u00e9crivant \u00e0 l\u2019adresse suivante : M. Serge Pr\u00e9sent\u00a0\u2013 G1 Aviation SAS &#8211;\u00a0A\u00e9rodrome de Gap-Tallard &#8211; 05130 Tallard &#8211; France.<\/p>\n<h2>Cookies<\/h2>\n<p>Le site de\u00a0<a href=\"https:\/\/g1aviation.com\">G1 Aviation<\/a>\u00a0utilise des traceurs (cookies). Ainsi, le site est susceptible d\u2019acc\u00e9der \u00e0 des informations d\u00e9j\u00e0 stock\u00e9es dans votre \u00e9quipement terminal de communications \u00e9lectroniques et d\u2019y inscrire des informations.<\/p>\n<p>Le site de\u00a0<a href=\"https:\/\/g1aviation.com\">G1 Aviation<\/a> utilise exclusivement des traceurs dits \u00ab\u00a0strictement n\u00e9cessaires\u00a0\u00bb, qui ne n\u00e9cessitent pas votre consentement pr\u00e9alable.<\/p>\n<p>&nbsp;<\/p>\n<p>Nous n\u2019utilisons ces traceurs que pour r\u00e9aliser des statistiques anonymes de visites.<\/p>\n<p>Ces traceurs ne peuvent pas, techniquement, \u00eatre d\u00e9sactiv\u00e9s depuis le site. Vous pouvez n\u00e9anmoins vous opposer \u00e0 l\u2019utilisation de ces traceurs, exclusivement en param\u00e9trant votre navigateur. Ce param\u00e9trage d\u00e9pend du navigateur que vous utilisez, mais il est en g\u00e9n\u00e9ral simple \u00e0 r\u00e9aliser : en principe, vous pouvez soit activer une fonction de navigation priv\u00e9e soit uniquement interdire ou restreindre les traceurs (cookies). Attention, il se peut que des traceurs aient \u00e9t\u00e9 enregistr\u00e9s sur votre p\u00e9riph\u00e9rique avant le param\u00e9trage de votre navigateur : dans ce cas, effacez votre historique de navigation, toujours en utilisant le param\u00e9trage de votre navigateur.<\/p>\n<p>&nbsp;<\/p>\n<p>L\u2019utilisation des traceurs est r\u00e9gie par l\u2019article 32 II de la loi n\u00b0 78-17 du 6 janvier 1978, transposant l\u2019article 5.3 de la directive 2002\/58\/CE du parlement europ\u00e9en et du conseil du 12 juillet 2002 modifi\u00e9e par la directive 2009\/136\/CE. Pour en savoir plus sur les cookies et traceurs, nous vous invitons \u00e0 consulter le site de la CNIL :\u00a0<a href=\"http:\/\/www.cnil.fr\/\">www.cnil.fr<\/a>.<\/p>\n","protected":false},"excerpt":{"rendered":"<p>Informations administratives G1 Aviation SAS Si\u00e8ge social : 360, rue Pierre Georges Lat\u00e9co\u00e8re A\u00e9rodrome de Gap-Tallard 05130 Tallard 04 88<a href=\"https:\/\/g1aviation.com\/en\/mentions-legales\/\" rel=\"bookmark\"><span class=\"post-lire-la-suite\">More<\/span><\/a><\/p>\n","protected":false},"author":2,"featured_media":0,"parent":0,"menu_order":0,"comment_status":"closed","ping_status":"closed","template":"","meta":{"_acf_changed":false,"footnotes":""},"class_list":["post-758","page","type-page","status-publish","hentry"],"acf":[],"yoast_head":"<!-- This site is optimized with the Yoast SEO plugin v24.4 - https:\/\/yoast.com\/wordpress\/plugins\/seo\/ -->\n<title>Mentions l\u00e9gales - G1 Aviation<\/title>\n<meta name=\"robots\" content=\"index, follow, max-snippet:-1, max-image-preview:large, max-video-preview:-1\" \/>\n<link rel=\"canonical\" href=\"https:\/\/g1aviation.com\/en\/mentions-legales\/\" \/>\n<meta property=\"og:locale\" content=\"en_US\" \/>\n<meta property=\"og:type\" content=\"article\" \/>\n<meta property=\"og:title\" content=\"Mentions l\u00e9gales - G1 Aviation\" \/>\n<meta property=\"og:description\" content=\"Informations administratives G1 Aviation SAS Si\u00e8ge social : 360, rue Pierre Georges Lat\u00e9co\u00e8re A\u00e9rodrome de Gap-Tallard 05130 Tallard 04 88More\" \/>\n<meta property=\"og:url\" content=\"https:\/\/g1aviation.com\/en\/mentions-legales\/\" \/>\n<meta property=\"og:site_name\" content=\"G1 Aviation\" \/>\n<meta property=\"article:publisher\" content=\"https:\/\/www.facebook.com\/g1aviation\/\" \/>\n<meta property=\"article:modified_time\" content=\"2019-04-26T08:56:23+00:00\" \/>\n<meta name=\"twitter:card\" content=\"summary_large_image\" \/>\n<meta name=\"twitter:label1\" content=\"Est. reading time\" \/>\n\t<meta name=\"twitter:data1\" content=\"4 minutes\" \/>\n<script type=\"application\/ld+json\" class=\"yoast-schema-graph\">{\"@context\":\"https:\/\/schema.org\",\"@graph\":[{\"@type\":\"WebPage\",\"@id\":\"https:\/\/g1aviation.com\/en\/mentions-legales\/\",\"url\":\"https:\/\/g1aviation.com\/en\/mentions-legales\/\",\"name\":\"Mentions l\u00e9gales - G1 Aviation\",\"isPartOf\":{\"@id\":\"https:\/\/g1aviation.com\/#website\"},\"datePublished\":\"2017-03-13T16:44:34+00:00\",\"dateModified\":\"2019-04-26T08:56:23+00:00\",\"breadcrumb\":{\"@id\":\"https:\/\/g1aviation.com\/en\/mentions-legales\/#breadcrumb\"},\"inLanguage\":\"en-US\",\"potentialAction\":[{\"@type\":\"ReadAction\",\"target\":[\"https:\/\/g1aviation.com\/en\/mentions-legales\/\"]}]},{\"@type\":\"BreadcrumbList\",\"@id\":\"https:\/\/g1aviation.com\/en\/mentions-legales\/#breadcrumb\",\"itemListElement\":[{\"@type\":\"ListItem\",\"position\":1,\"name\":\"Accueil\",\"item\":\"https:\/\/g1aviation.com\/en\/\"},{\"@type\":\"ListItem\",\"position\":2,\"name\":\"Mentions l\u00e9gales\"}]},{\"@type\":\"WebSite\",\"@id\":\"https:\/\/g1aviation.com\/#website\",\"url\":\"https:\/\/g1aviation.com\/\",\"name\":\"G1 Aviation\",\"description\":\"Constructeur Fran\u00e7ais d&#039;ULM\",\"publisher\":{\"@id\":\"https:\/\/g1aviation.com\/#organization\"},\"potentialAction\":[{\"@type\":\"SearchAction\",\"target\":{\"@type\":\"EntryPoint\",\"urlTemplate\":\"https:\/\/g1aviation.com\/?s={search_term_string}\"},\"query-input\":{\"@type\":\"PropertyValueSpecification\",\"valueRequired\":true,\"valueName\":\"search_term_string\"}}],\"inLanguage\":\"en-US\"},{\"@type\":\"Organization\",\"@id\":\"https:\/\/g1aviation.com\/#organization\",\"name\":\"G1 Aviation\",\"url\":\"https:\/\/g1aviation.com\/\",\"logo\":{\"@type\":\"ImageObject\",\"inLanguage\":\"en-US\",\"@id\":\"https:\/\/g1aviation.com\/#\/schema\/logo\/image\/\",\"url\":\"https:\/\/g1aviation.com\/wp-content\/uploads\/2017\/04\/logo-g1-aviation.png\",\"contentUrl\":\"https:\/\/g1aviation.com\/wp-content\/uploads\/2017\/04\/logo-g1-aviation.png\",\"width\":160,\"height\":33,\"caption\":\"G1 Aviation\"},\"image\":{\"@id\":\"https:\/\/g1aviation.com\/#\/schema\/logo\/image\/\"},\"sameAs\":[\"https:\/\/www.facebook.com\/g1aviation\/\"]}]}<\/script>\n<!-- \/ Yoast SEO plugin. -->","yoast_head_json":{"title":"Mentions l\u00e9gales - G1 Aviation","robots":{"index":"index","follow":"follow","max-snippet":"max-snippet:-1","max-image-preview":"max-image-preview:large","max-video-preview":"max-video-preview:-1"},"canonical":"https:\/\/g1aviation.com\/en\/mentions-legales\/","og_locale":"en_US","og_type":"article","og_title":"Mentions l\u00e9gales - G1 Aviation","og_description":"Informations administratives G1 Aviation SAS Si\u00e8ge social : 360, rue Pierre Georges Lat\u00e9co\u00e8re A\u00e9rodrome de Gap-Tallard 05130 Tallard 04 88More","og_url":"https:\/\/g1aviation.com\/en\/mentions-legales\/","og_site_name":"G1 Aviation","article_publisher":"https:\/\/www.facebook.com\/g1aviation\/","article_modified_time":"2019-04-26T08:56:23+00:00","twitter_card":"summary_large_image","twitter_misc":{"Est. reading time":"4 minutes"},"schema":{"@context":"https:\/\/schema.org","@graph":[{"@type":"WebPage","@id":"https:\/\/g1aviation.com\/en\/mentions-legales\/","url":"https:\/\/g1aviation.com\/en\/mentions-legales\/","name":"Mentions l\u00e9gales - G1 Aviation","isPartOf":{"@id":"https:\/\/g1aviation.com\/#website"},"datePublished":"2017-03-13T16:44:34+00:00","dateModified":"2019-04-26T08:56:23+00:00","breadcrumb":{"@id":"https:\/\/g1aviation.com\/en\/mentions-legales\/#breadcrumb"},"inLanguage":"en-US","potentialAction":[{"@type":"ReadAction","target":["https:\/\/g1aviation.com\/en\/mentions-legales\/"]}]},{"@type":"BreadcrumbList","@id":"https:\/\/g1aviation.com\/en\/mentions-legales\/#breadcrumb","itemListElement":[{"@type":"ListItem","position":1,"name":"Accueil","item":"https:\/\/g1aviation.com\/en\/"},{"@type":"ListItem","position":2,"name":"Mentions l\u00e9gales"}]},{"@type":"WebSite","@id":"https:\/\/g1aviation.com\/#website","url":"https:\/\/g1aviation.com\/","name":"G1 Aviation","description":"Constructeur Fran\u00e7ais d&#039;ULM","publisher":{"@id":"https:\/\/g1aviation.com\/#organization"},"potentialAction":[{"@type":"SearchAction","target":{"@type":"EntryPoint","urlTemplate":"https:\/\/g1aviation.com\/?s={search_term_string}"},"query-input":{"@type":"PropertyValueSpecification","valueRequired":true,"valueName":"search_term_string"}}],"inLanguage":"en-US"},{"@type":"Organization","@id":"https:\/\/g1aviation.com\/#organization","name":"G1 Aviation","url":"https:\/\/g1aviation.com\/","logo":{"@type":"ImageObject","inLanguage":"en-US","@id":"https:\/\/g1aviation.com\/#\/schema\/logo\/image\/","url":"https:\/\/g1aviation.com\/wp-content\/uploads\/2017\/04\/logo-g1-aviation.png","contentUrl":"https:\/\/g1aviation.com\/wp-content\/uploads\/2017\/04\/logo-g1-aviation.png","width":160,"height":33,"caption":"G1 Aviation"},"image":{"@id":"https:\/\/g1aviation.com\/#\/schema\/logo\/image\/"},"sameAs":["https:\/\/www.facebook.com\/g1aviation\/"]}]}},"_links":{"self":[{"href":"https:\/\/g1aviation.com\/en\/wp-json\/wp\/v2\/pages\/758","targetHints":{"allow":["GET"]}}],"collection":[{"href":"https:\/\/g1aviation.com\/en\/wp-json\/wp\/v2\/pages"}],"about":[{"href":"https:\/\/g1aviation.com\/en\/wp-json\/wp\/v2\/types\/page"}],"author":[{"embeddable":true,"href":"https:\/\/g1aviation.com\/en\/wp-json\/wp\/v2\/users\/2"}],"replies":[{"embeddable":true,"href":"https:\/\/g1aviation.com\/en\/wp-json\/wp\/v2\/comments?post=758"}],"version-history":[{"count":2,"href":"https:\/\/g1aviation.com\/en\/wp-json\/wp\/v2\/pages\/758\/revisions"}],"predecessor-version":[{"id":3544,"href":"https:\/\/g1aviation.com\/en\/wp-json\/wp\/v2\/pages\/758\/revisions\/3544"}],"wp:attachment":[{"href":"https:\/\/g1aviation.com\/en\/wp-json\/wp\/v2\/media?parent=758"}],"curies":[{"name":"wp","href":"https:\/\/api.w.org\/{rel}","templated":true}]}}